{"id":3471,"date":"2023-04-29T16:43:22","date_gmt":"2023-04-29T16:43:22","guid":{"rendered":"https:\/\/lumosdentalclinic.com\/?page_id=3471"},"modified":"2023-05-03T00:48:51","modified_gmt":"2023-05-03T00:48:51","slug":"composite-lamina","status":"publish","type":"page","link":"https:\/\/antalyadiseti.com\/tr\/treatments\/cosmetic-dentistry\/composite-lamina\/","title":{"rendered":"Kompozit Lamina"},"content":{"rendered":"<div id=\"pl-3471\"  class=\"panel-layout\" ><div id=\"pg-3471-0\"  class=\"panel-grid panel-has-style\" ><div class=\"divider-no-animation tablet-1-in-row mobile-1-in-row desktop-default custom panel-row-style panel-row-style-for-3471-0\" ><div id=\"pgc-3471-0-0\"  class=\"panel-grid-cell\" ><div id=\"panel-3471-0-0-0\" class=\"so-panel widget widget_orion_before_after_w panel-first-child\" data-index=\"0\" ><div class=\"orion custom default panel-widget-style panel-widget-style-for-3471-0-0-0\" ><div\n\t\t\t\n\t\t\tclass=\"so-widget-orion_before_after_w so-widget-orion_before_after_w-base\"\n\t\t\t\n\t\t>\t<div class=\"twentytwenty-container orion-before-after overlay-none overlay-hover-none handle-transparent\" id=\"ba_69d52d71c2737\">\r\n\t\t\t<img decoding=\"async\" src=\"https:\/\/antalyadiseti.com\/wp-content\/uploads\/2023\/04\/CompositeBefore1.jpg\" \r\n\t\t\tclass=\"before\" \r\n\t\t\t\t\t\t\/>\t\r\n\t\t\t\t\t\t<div class=\"twentytwenty-before before-text wrap absolute\">\r\n\t\t\t\t<span class=\"bg-c1 font-3\">\r\n\t\t\t\t\u00d6ncesi\t\t\t\t<\/span>\r\n\t\t\t<\/div>\r\n\t\t\t\t\t\t<img decoding=\"async\" src=\"https:\/\/antalyadiseti.com\/wp-content\/uploads\/2023\/04\/CompositeAfter2.jpg\" class=\"after\" \r\n\t\t\t\t\t\t\/>\r\n\t\t\t\t\t\t<div class=\"twentytwenty-after after-text wrap absolute\">\r\n\t\t\t\t<span class=\"bg-c1 font-3\">\r\n\t\t\t\tSonras\u0131\t\t\t\t<\/span>\r\n\t\t\t<\/div>\r\n\t\t\t\t\t\r\n\t\t<div class=\"overlay\"><\/div>\r\n\t<\/div>\r\n\r\n\t<script>\r\n\tjQuery(window).on('load',function(){\r\n\t\tjQuery(\"#ba_69d52d71c2737\").twentytwenty({\r\n\t\t\tdefault_offset_pct: 0.5, \r\n\t\t\torientation: 'horizontal', \r\n\t\t});\r\n\t});\r\n\t<\/script> <\/div><\/div><\/div><div id=\"panel-3471-0-0-1\" class=\"so-panel widget widget_orion_heading_w\" data-index=\"1\" ><div class=\"orion custom mobile-text-center tablets-text-center default panel-widget-style panel-widget-style-for-3471-0-0-1\" ><div\n\t\t\t\n\t\t\tclass=\"so-widget-orion_heading_w so-widget-orion_heading_w-base\"\n\t\t\t\n\t\t> \r\n\t\t\t<div class=\"row orion-heading\" style=\"margin-bottom:0px;\">\r\n\t\t<div class=\"col-md-12  separator-style-1 text-left style-h6 style-primary-color\">\r\n\t\t\t<h6 class=\"primary-color\">\r\n\t\t\t\tT\u00fcrkiye'de Kompozit Lamina\t\t\t<\/h6>\r\n\t\t<\/div>\r\n\t<\/div>\r\n\r\n\t<\/div><\/div><\/div><div id=\"panel-3471-0-0-2\" class=\"so-panel widget widget_orion_heading_w\" data-index=\"2\" ><div class=\"orion custom mobile-text-center tablets-text-center default panel-widget-style panel-widget-style-for-3471-0-0-2\" ><div\n\t\t\t\n\t\t\tclass=\"so-widget-orion_heading_w so-widget-orion_heading_w-base\"\n\t\t\t\n\t\t> \r\n\t\t\t<div class=\"row orion-heading\" style=\"margin-bottom:0px;\">\r\n\t\t<div class=\"col-md-12   text-left style-h2 style-text-dark\">\r\n\t\t\t<h2 class=\"text-dark\">\r\n\t\t\t\tDO\u011eAL D\u0130\u015eLER\u0130N\u0130Z\u0130 KORUYUN\t\t\t<\/h2>\r\n\t\t<\/div>\r\n\t<\/div>\r\n\r\n\t<\/div><\/div><\/div><div id=\"panel-3471-0-0-3\" class=\"so-panel widget widget_sow-editor\" data-index=\"3\" ><div class=\"orion custom mobile-text-center tablets-text-center default panel-widget-style panel-widget-style-for-3471-0-0-3\" ><div\n\t\t\t\n\t\t\tclass=\"so-widget-sow-editor so-widget-sow-editor-base\"\n\t\t\t\n\t\t>\n<div class=\"siteorigin-widget-tinymce textwidget\">\n\t<p class=\"lead\">Di\u015fleri kesmeden di\u015flerdeki k\u00fc\u00e7\u00fck \u015fekil bozukluklar\u0131n\u0131n giderilmesi i\u015flemidir. Di\u015f hekiminin titiz \u00e7al\u0131\u015fmas\u0131 ile di\u015flerin \u00fczerine \u00f6n b\u00f6lge i\u00e7in \u00f6zel bir malzeme yerle\u015ftirilerek di\u015flere yeniden \u015fekil verilir. K\u0131r\u0131k di\u015flerin tamirinde, k\u00fc\u00e7\u00fck bo\u015fluklar\u0131n kapat\u0131lmas\u0131nda, di\u015flerin boylar\u0131n\u0131n uzat\u0131lmas\u0131nda, renklerinin de\u011fi\u015ftirilmesinde kullan\u0131labilir.<\/p>\n<\/div>\n<\/div><\/div><\/div><div id=\"panel-3471-0-0-4\" class=\"so-panel widget widget_orion_accordion_w\" data-index=\"4\" ><div class=\"orion custom default panel-widget-style panel-widget-style-for-3471-0-0-4\" ><div\n\t\t\t\n\t\t\tclass=\"so-widget-orion_accordion_w so-widget-orion_accordion_w-base\"\n\t\t\t\n\t\t>\t\r\n\r\n\t<div class=\"panel-group\" role=\"tablist\" aria-multiselectable=\"true\" id=\"acc_69d52d71c2eab\">\r\n\t\t\r\n\t\t\t\t\t\t\t\t\r\n\t\t\t\r\n\t\t<div class=\"panel panel-default\" style=\"border-color:#f2f2f2; background:transparent\">\r\n\t\t\t<div class=\"panel-heading\" role=\"tab\" id=\"Whatisthecompositelaminatetreatmentusedfor69d52d71c2eb9\">\r\n\t\t\t\t<h4 class=\"panel-title\">\r\n\t\t\t\t\t<a role=\"button\" data-toggle=\"collapse\" href=\"#Whatisthecompositelaminatetreatmentusedfor69d52d71c2eb9-panel\" class=\"collapsed primary-hover\" aria-expanded=\"false\" aria-controls=\"Whatisthecompositelaminatetreatmentusedfor69d52d71c2eb9\" data-parent=\"#acc_69d52d71c2eab\" style=\"border-color:#f2f2f2;\">\r\n\t\t\t\t\t  \t\r\n\t\t\t\t\t  \tKompozit laminate tedavisi ne i\u00e7in kullan\u0131l\u0131r?\t\t\t\t\t<\/a>\r\n\t\t\t\t<\/h4>\r\n\r\n\t\t\t<\/div>\r\n\t\t\t<div class=\"panel-collapse collapse\" id=\"Whatisthecompositelaminatetreatmentusedfor69d52d71c2eb9-panel\" aria-expanded=\"false\" role=\"tabpanel\" aria-labelledby=\"Whatisthecompositelaminatetreatmentusedfor69d52d71c2eb9\">\r\n\t\t\t\t<div class=\"panel-body\" style=\"border-color:#f2f2f2;\">\r\n\t\t\t\t\t<p>Kompozit laminalar g\u00fcl\u00fc\u015f tasar\u0131m\u0131nda k\u0131r\u0131k di\u015flerin tamirinde, di\u015f aras\u0131 bo\u015fluklar\u0131n kapat\u0131lmas\u0131nda, di\u015flerin boylar\u0131n\u0131n uzat\u0131lmas\u0131nda, renklerinin de\u011fi\u015ftirilmesinde ba\u015far\u0131 ile kullan\u0131labilmektedir.<\/p>\n\t\t\t\t<\/div>\r\n\t\t\t<\/div>\r\n\t\t<\/div>\r\n\t\t\t\t\t\t\r\n\t\t\t\r\n\t\t<div class=\"panel panel-default\" style=\"border-color:#f2f2f2; background:transparent\">\r\n\t\t\t<div class=\"panel-heading\" role=\"tab\" id=\"AdvantagesofCompositeLaminate69d52d71c2f08\">\r\n\t\t\t\t<h4 class=\"panel-title\">\r\n\t\t\t\t\t<a role=\"button\" data-toggle=\"collapse\" href=\"#AdvantagesofCompositeLaminate69d52d71c2f08-panel\" class=\"collapsed primary-hover\" aria-expanded=\"false\" aria-controls=\"AdvantagesofCompositeLaminate69d52d71c2f08\" data-parent=\"#acc_69d52d71c2eab\" style=\"border-color:#f2f2f2;\">\r\n\t\t\t\t\t  \t\r\n\t\t\t\t\t  \tKompozit Laminan\u0131n Avantajlar\u0131\t\t\t\t\t<\/a>\r\n\t\t\t\t<\/h4>\r\n\r\n\t\t\t<\/div>\r\n\t\t\t<div class=\"panel-collapse collapse\" id=\"AdvantagesofCompositeLaminate69d52d71c2f08-panel\" aria-expanded=\"false\" role=\"tabpanel\" aria-labelledby=\"AdvantagesofCompositeLaminate69d52d71c2f08\">\r\n\t\t\t\t<div class=\"panel-body\" style=\"border-color:#f2f2f2;\">\r\n\t\t\t\t\t<ul>\n<li>\n<div>Kompozit Lamina tedavisinin en \u00f6nemli avantajlar\u0131 \u015funlard\u0131r:<\/div>\n<ul>\n<li>Do\u011fal di\u015fin neredeyse hi\u00e7 t\u0131ra\u015f edilmesini gerektirmez, koruyucu tedavi y\u00f6ntemlerinden biridir.<\/li>\n<li>Tedavi sonucu do\u011fal g\u00f6r\u00fcn\u00fcme en yak\u0131n oland\u0131r.<\/li>\n<li>Bir\u00e7ok k\u00fc\u00e7\u00fck di\u015f probleminin tedavisinde ba\u015far\u0131l\u0131 bir y\u00f6ntemdir.<\/li>\n<li>\u0130\u015flem s\u00fcresi \u00e7ok k\u0131sad\u0131r, \u00f6zellikle zaman\u0131 k\u0131s\u0131tl\u0131 olan hastalar i\u00e7in ideal bir tedavi y\u00f6ntemdir.<\/li>\n<li>Di\u015f kuronu, kaplama vb. di\u011fer i\u015flemlere g\u00f6re daha az maliyetli bir i\u015flemdir.<\/li>\n<li>Estetik kompozit dolgular hem \u00f6n hem de arka di\u015flere uygulanabilir.<\/li>\n<li>Sert cisimlerle temas\u0131nda olu\u015fabilecek hasarlar onar\u0131labilir, porselen laminatlar gibi yenileme gerektirmez.<\/li>\n<\/ul>\n<\/li>\n<\/ul>\n\t\t\t\t<\/div>\r\n\t\t\t<\/div>\r\n\t\t<\/div>\r\n\t\t\t\t\t\t\r\n\t\t\t\r\n\t\t<div class=\"panel panel-default\" style=\"border-color:#f2f2f2; background:transparent\">\r\n\t\t\t<div class=\"panel-heading\" role=\"tab\" id=\"WhataretheapplicationstagesofCompositeLaminate69d52d71c2f89\">\r\n\t\t\t\t<h4 class=\"panel-title\">\r\n\t\t\t\t\t<a role=\"button\" data-toggle=\"collapse\" href=\"#WhataretheapplicationstagesofCompositeLaminate69d52d71c2f89-panel\" class=\"collapsed primary-hover\" aria-expanded=\"false\" aria-controls=\"WhataretheapplicationstagesofCompositeLaminate69d52d71c2f89\" data-parent=\"#acc_69d52d71c2eab\" style=\"border-color:#f2f2f2;\">\r\n\t\t\t\t\t  \t\r\n\t\t\t\t\t  \tKompozit Laminan\u0131n uygulama a\u015famalar\u0131 nelerdir?\t\t\t\t\t<\/a>\r\n\t\t\t\t<\/h4>\r\n\r\n\t\t\t<\/div>\r\n\t\t\t<div class=\"panel-collapse collapse\" id=\"WhataretheapplicationstagesofCompositeLaminate69d52d71c2f89-panel\" aria-expanded=\"false\" role=\"tabpanel\" aria-labelledby=\"WhataretheapplicationstagesofCompositeLaminate69d52d71c2f89\">\r\n\t\t\t\t<div class=\"panel-body\" style=\"border-color:#f2f2f2;\">\r\n\t\t\t\t\t<div>Kompozit Lamina \u00f6n haz\u0131rl\u0131k gerektirmeyen ve genellikle 1-1,5 saat i\u00e7erisinde tamamlanan bir tedavidir ancak uygulama s\u00fcresi m\u00fcdahale edilecek di\u015f say\u0131s\u0131na g\u00f6re de\u011fi\u015fiklik g\u00f6stermektedir. \u00c7\u00fcr\u00fck di\u015f dolgusu yap\u0131lmayacaksa anesteziye gerek kalmadan yap\u0131l\u0131r. S\u00fcre\u00e7ler \u015fu \u015fekilde ilerler:<\/div>\n<ul>\n<li>Di\u015f hekimi hastan\u0131n di\u015f rengine uygun olan dolgu malzemesini se\u00e7er.<\/li>\n<li>Uygulama \u00f6ncesi di\u015f temizli\u011fi yap\u0131l\u0131r.<\/li>\n<li>Bakteri, tartar ve plaktan ar\u0131nd\u0131r\u0131lm\u0131\u015f di\u015f y\u00fczeyi \u00f6zel bir y\u00f6ntemle (Fosforik asit kullan\u0131m\u0131 veya t\u00f6rp\u00fcleme y\u00f6ntemi) Kompozit Lamina malzemenin di\u015fe yap\u0131\u015fmas\u0131n\u0131 kolayla\u015ft\u0131rmak i\u00e7in p\u00fcr\u00fczlendirilir.<\/li>\n<li>Kompozit Lamina i\u015fleminin ger\u00e7ekle\u015febilmesi i\u00e7in di\u015fin \u00fczeri yard\u0131mc\u0131 bir jel tabakas\u0131 ile kaplan\u0131r.<\/li>\n<li>Di\u015f rengine g\u00f6re se\u00e7ilen kremsi kompozit re\u00e7ine bir f\u0131r\u00e7a yard\u0131m\u0131yla di\u015f y\u00fczeyine s\u00fcr\u00fcl\u00fcr.<\/li>\n<li>Malzemeyi sertle\u015ftirmek i\u00e7in UV \u0131\u015f\u0131\u011f\u0131 kullan\u0131l\u0131r.<\/li>\n<li>Sertle\u015fen Kompozit Lamina malzemesi daha sonra di\u015f hekimi taraf\u0131ndan di\u015f formuna d\u00f6n\u00fc\u015ft\u00fcr\u00fcl\u00fcr.<\/li>\n<\/ul>\n<div>Son olarak cila uygulamas\u0131 yap\u0131l\u0131r ve di\u015flerde planlanan estetik g\u00f6r\u00fcn\u00fcm sa\u011flan\u0131r.<\/div>\n\t\t\t\t<\/div>\r\n\t\t\t<\/div>\r\n\t\t<\/div>\r\n\t\t\t\t\t\t\r\n\t\t\t\r\n\t\t<div class=\"panel panel-default\" style=\"border-color:#f2f2f2; background:transparent\">\r\n\t\t\t<div class=\"panel-heading\" role=\"tab\" id=\"HowlongdoesCompositeLaminalast69d52d71c2ff8\">\r\n\t\t\t\t<h4 class=\"panel-title\">\r\n\t\t\t\t\t<a role=\"button\" data-toggle=\"collapse\" href=\"#HowlongdoesCompositeLaminalast69d52d71c2ff8-panel\" class=\"collapsed primary-hover\" aria-expanded=\"false\" aria-controls=\"HowlongdoesCompositeLaminalast69d52d71c2ff8\" data-parent=\"#acc_69d52d71c2eab\" style=\"border-color:#f2f2f2;\">\r\n\t\t\t\t\t  \t\r\n\t\t\t\t\t  \tKompozit Lamina ne kadar dayan\u0131r?\t\t\t\t\t<\/a>\r\n\t\t\t\t<\/h4>\r\n\r\n\t\t\t<\/div>\r\n\t\t\t<div class=\"panel-collapse collapse\" id=\"HowlongdoesCompositeLaminalast69d52d71c2ff8-panel\" aria-expanded=\"false\" role=\"tabpanel\" aria-labelledby=\"HowlongdoesCompositeLaminalast69d52d71c2ff8\">\r\n\t\t\t\t<div class=\"panel-body\" style=\"border-color:#f2f2f2;\">\r\n\t\t\t\t\t<p>Di\u015f hekiminin tavsiyelerine uyuldu\u011fu takdirde bonding uygulamas\u0131 uzun y\u0131llar kullan\u0131labilir. Elde edilen verilere g\u00f6re dolgular\u0131n \u00f6mr\u00fc hastadan hastaya farkl\u0131l\u0131k g\u00f6stermekte ve 3-10 y\u0131l aras\u0131nda dayan\u0131kl\u0131l\u0131k sergilemektedir.<\/p>\n\t\t\t\t<\/div>\r\n\t\t\t<\/div>\r\n\t\t<\/div>\r\n\t\t\t<\/div>\t\r\n\r\n\r\n\r\n\r\n<\/div><\/div><\/div><div id=\"panel-3471-0-0-5\" class=\"so-panel widget widget_orion_empty_space_w panel-last-child\" data-index=\"5\" ><div class=\"orion custom default panel-widget-style panel-widget-style-for-3471-0-0-5\" ><div\n\t\t\t\n\t\t\tclass=\"so-widget-orion_empty_space_w so-widget-orion_empty_space_w-base\"\n\t\t\t\n\t\t>\t<div class=\"row empty-space visible-sm visible-xs\" style=\"height:24px;\">\r\n\t<\/div><\/div><\/div><\/div><\/div><div id=\"pgc-3471-0-1\"  class=\"panel-grid-cell\" ><div id=\"panel-3471-0-1-0\" class=\"so-panel widget widget_orion_image_w panel-first-child panel-last-child\" data-index=\"6\" ><div class=\"orion custom mobile-text-center tablets-text-center default panel-widget-style panel-widget-style-for-3471-0-1-0\" ><div\n\t\t\t\n\t\t\tclass=\"so-widget-orion_image_w so-widget-orion_image_w-base\"\n\t\t\t\n\t\t>\r\n<div class=\"image-w relative rounded\">\r\n\r\n\t\t\t\t\t\t\t<div class=\"orion_circle image-wrap rounded overlay-greyscale overlay-hover-none\">\r\n\t\t\r\n\t\t\t\t<div class=\"circle-wrap\">\r\n\t\t\t\t\t<img loading=\"lazy\" decoding=\"async\" width=\"750\" height=\"750\" src=\"https:\/\/antalyadiseti.com\/wp-content\/uploads\/2023\/04\/CompositeLamina-750x750.jpg\" class=\"attachment-orion_square size-orion_square\" alt=\"\" \/>\t\t\t<div class=\"overlay\"><\/div>\r\n\t\t\t\t<\/div>\r\n\t\t\r\n\t\t\t\t\t<\/div>\r\n\t\t\t\r\n\t\r\n\t<div class=\"absolute\">\r\n\t\t<div class=\"hover-desc table-wrap\">\r\n\t\t\t<div class=\"cell-wrap\">\r\n\t\t\t\t<h4 class=\"text-light\"><\/h4>\r\n\t\t\t<\/div>\r\n\t\t<\/div>\r\n\t<\/div>\t\t\t\t\t\r\n<\/div>\r\n\r\n<\/div><\/div><\/div><\/div><\/div><\/div><\/div>","protected":false},"excerpt":{"rendered":"<p>Kaplamalar, di\u015flerine minimum m\u00fcdahale ile g\u00fczel bir g\u00fcl\u00fcmseme isteyen herkes i\u00e7in ideal bir kozmetik \u00e7\u00f6z\u00fcmd\u00fcr.<\/p>","protected":false},"author":1,"featured_media":0,"parent":1054,"menu_order":0,"comment_status":"closed","ping_status":"closed","template":"","meta":{"footnotes":""},"class_list":["post-3471","page","type-page","status-publish","hentry"],"yoast_head":"<!-- This site is optimized with the Yoast SEO Premium plugin v20.2.1 (Yoast SEO v27.3) - https:\/\/yoast.com\/product\/yoast-seo-premium-wordpress\/ -->\n<title>Composite Lamina - Lumos Dental Clinic - Dental Centre Turkey<\/title>\n<meta name=\"robots\" content=\"index, follow, max-snippet:-1, max-image-preview:large, max-video-preview:-1\" \/>\n<link rel=\"canonical\" href=\"https:\/\/orchid-koala-586867.hostingersite.com\/treatments\/cosmetic-dentistry\/composite-lamina\/\" \/>\n<meta property=\"og:locale\" content=\"tr_TR\" \/>\n<meta property=\"og:type\" content=\"article\" \/>\n<meta property=\"og:title\" content=\"Composite Lamina\" \/>\n<meta property=\"og:description\" content=\"Veneers are an ideal cosmetic solution for everyone who desires a beautiful smile with minimal invasions into their teeth.\" \/>\n<meta property=\"og:url\" content=\"https:\/\/orchid-koala-586867.hostingersite.com\/treatments\/cosmetic-dentistry\/composite-lamina\/\" \/>\n<meta property=\"og:site_name\" content=\"Lumos Dental Clinic - Dental Centre Turkey\" \/>\n<meta property=\"article:publisher\" content=\"https:\/\/www.facebook.com\/lumosdentalstudio\" \/>\n<meta property=\"article:modified_time\" content=\"2023-05-03T00:48:51+00:00\" \/>\n<meta property=\"og:image\" content=\"https:\/\/antalyadiseti.com\/wp-content\/uploads\/2023\/08\/cropped-Lumos.png\" \/>\n\t<meta property=\"og:image:width\" content=\"512\" \/>\n\t<meta property=\"og:image:height\" content=\"512\" \/>\n\t<meta property=\"og:image:type\" content=\"image\/png\" \/>\n<meta name=\"twitter:card\" content=\"summary_large_image\" \/>\n<meta name=\"twitter:label1\" content=\"Est. reading time\" \/>\n\t<meta name=\"twitter:data1\" content=\"1 dakika\" \/>\n<script type=\"application\/ld+json\" class=\"yoast-schema-graph\">{\"@context\":\"https:\\\/\\\/schema.org\",\"@graph\":[{\"@type\":\"WebPage\",\"@id\":\"https:\\\/\\\/orchid-koala-586867.hostingersite.com\\\/treatments\\\/cosmetic-dentistry\\\/composite-lamina\\\/\",\"url\":\"https:\\\/\\\/orchid-koala-586867.hostingersite.com\\\/treatments\\\/cosmetic-dentistry\\\/composite-lamina\\\/\",\"name\":\"Composite Lamina - Lumos Dental Clinic - Dental Centre Turkey\",\"isPartOf\":{\"@id\":\"https:\\\/\\\/orchid-koala-586867.hostingersite.com\\\/#website\"},\"datePublished\":\"2023-04-29T16:43:22+00:00\",\"dateModified\":\"2023-05-03T00:48:51+00:00\",\"breadcrumb\":{\"@id\":\"https:\\\/\\\/orchid-koala-586867.hostingersite.com\\\/treatments\\\/cosmetic-dentistry\\\/composite-lamina\\\/#breadcrumb\"},\"inLanguage\":\"tr\",\"potentialAction\":[{\"@type\":\"ReadAction\",\"target\":[\"https:\\\/\\\/orchid-koala-586867.hostingersite.com\\\/treatments\\\/cosmetic-dentistry\\\/composite-lamina\\\/\"]}]},{\"@type\":\"BreadcrumbList\",\"@id\":\"https:\\\/\\\/orchid-koala-586867.hostingersite.com\\\/treatments\\\/cosmetic-dentistry\\\/composite-lamina\\\/#breadcrumb\",\"itemListElement\":[{\"@type\":\"ListItem\",\"position\":1,\"name\":\"Home\",\"item\":\"https:\\\/\\\/orchid-koala-586867.hostingersite.com\\\/\"},{\"@type\":\"ListItem\",\"position\":2,\"name\":\"Treatments\",\"item\":\"https:\\\/\\\/orchid-koala-586867.hostingersite.com\\\/treatments\\\/\"},{\"@type\":\"ListItem\",\"position\":3,\"name\":\"Cosmetic Dentistry\",\"item\":\"https:\\\/\\\/orchid-koala-586867.hostingersite.com\\\/treatments\\\/cosmetic-dentistry\\\/\"},{\"@type\":\"ListItem\",\"position\":4,\"name\":\"Composite Lamina\"}]},{\"@type\":\"WebSite\",\"@id\":\"https:\\\/\\\/orchid-koala-586867.hostingersite.com\\\/#website\",\"url\":\"https:\\\/\\\/orchid-koala-586867.hostingersite.com\\\/\",\"name\":\"Lumos Dental Clinic - Dental Centre Turkey\",\"description\":\"Better Smile With Us\",\"publisher\":{\"@id\":\"https:\\\/\\\/orchid-koala-586867.hostingersite.com\\\/#organization\"},\"alternateName\":\"We offer comprehensive services from all fields of dentistry. In addition to high-end dental equipment, all services are provided in a comfortable, luxury environment. New patients are welcomed with a complimentary oral health consultation.\",\"potentialAction\":[{\"@type\":\"SearchAction\",\"target\":{\"@type\":\"EntryPoint\",\"urlTemplate\":\"https:\\\/\\\/orchid-koala-586867.hostingersite.com\\\/?s={search_term_string}\"},\"query-input\":{\"@type\":\"PropertyValueSpecification\",\"valueRequired\":true,\"valueName\":\"search_term_string\"}}],\"inLanguage\":\"tr\"},{\"@type\":\"Organization\",\"@id\":\"https:\\\/\\\/orchid-koala-586867.hostingersite.com\\\/#organization\",\"name\":\"Lumos Dental Clinic - Dental Centre Turkey\",\"alternateName\":\"We offer comprehensive services from all fields of dentistry. In addition to high-end dental equipment, all services are provided in a comfortable, luxury environment. New patients are welcomed with a complimentary oral health consultation.\",\"url\":\"https:\\\/\\\/orchid-koala-586867.hostingersite.com\\\/\",\"logo\":{\"@type\":\"ImageObject\",\"inLanguage\":\"tr\",\"@id\":\"https:\\\/\\\/orchid-koala-586867.hostingersite.com\\\/#\\\/schema\\\/logo\\\/image\\\/\",\"url\":\"https:\\\/\\\/orchid-koala-586867.hostingersite.com\\\/wp-content\\\/uploads\\\/2023\\\/08\\\/cropped-Lumos.png\",\"contentUrl\":\"https:\\\/\\\/orchid-koala-586867.hostingersite.com\\\/wp-content\\\/uploads\\\/2023\\\/08\\\/cropped-Lumos.png\",\"width\":512,\"height\":512,\"caption\":\"Lumos Dental Clinic - Dental Centre Turkey\"},\"image\":{\"@id\":\"https:\\\/\\\/orchid-koala-586867.hostingersite.com\\\/#\\\/schema\\\/logo\\\/image\\\/\"},\"sameAs\":[\"https:\\\/\\\/www.facebook.com\\\/lumosdentalstudio\",\"https:\\\/\\\/www.instagram.com\\\/lumosdentalclinic\"]}]}<\/script>\n<!-- \/ Yoast SEO Premium plugin. -->","yoast_head_json":{"title":"Kompozit Kaplamalar - Lumos Di\u015f Klini\u011fi - Di\u015f Merkezi T\u00fcrkiye","robots":{"index":"index","follow":"follow","max-snippet":"max-snippet:-1","max-image-preview":"max-image-preview:large","max-video-preview":"max-video-preview:-1"},"canonical":"https:\/\/orchid-koala-586867.hostingersite.com\/treatments\/cosmetic-dentistry\/composite-lamina\/","og_locale":"tr_TR","og_type":"article","og_title":"Composite Lamina","og_description":"Veneers are an ideal cosmetic solution for everyone who desires a beautiful smile with minimal invasions into their teeth.","og_url":"https:\/\/orchid-koala-586867.hostingersite.com\/treatments\/cosmetic-dentistry\/composite-lamina\/","og_site_name":"Lumos Dental Clinic - Dental Centre Turkey","article_publisher":"https:\/\/www.facebook.com\/lumosdentalstudio","article_modified_time":"2023-05-03T00:48:51+00:00","og_image":[{"width":512,"height":512,"url":"https:\/\/antalyadiseti.com\/wp-content\/uploads\/2023\/08\/cropped-Lumos.png","type":"image\/png"}],"twitter_card":"summary_large_image","twitter_misc":{"Est. reading time":"1 dakika"},"schema":{"@context":"https:\/\/schema.org","@graph":[{"@type":"WebPage","@id":"https:\/\/orchid-koala-586867.hostingersite.com\/treatments\/cosmetic-dentistry\/composite-lamina\/","url":"https:\/\/orchid-koala-586867.hostingersite.com\/treatments\/cosmetic-dentistry\/composite-lamina\/","name":"Kompozit Kaplamalar - Lumos Di\u015f Klini\u011fi - Di\u015f Merkezi T\u00fcrkiye","isPartOf":{"@id":"https:\/\/orchid-koala-586867.hostingersite.com\/#website"},"datePublished":"2023-04-29T16:43:22+00:00","dateModified":"2023-05-03T00:48:51+00:00","breadcrumb":{"@id":"https:\/\/orchid-koala-586867.hostingersite.com\/treatments\/cosmetic-dentistry\/composite-lamina\/#breadcrumb"},"inLanguage":"tr","potentialAction":[{"@type":"ReadAction","target":["https:\/\/orchid-koala-586867.hostingersite.com\/treatments\/cosmetic-dentistry\/composite-lamina\/"]}]},{"@type":"BreadcrumbList","@id":"https:\/\/orchid-koala-586867.hostingersite.com\/treatments\/cosmetic-dentistry\/composite-lamina\/#breadcrumb","itemListElement":[{"@type":"ListItem","position":1,"name":"Home","item":"https:\/\/orchid-koala-586867.hostingersite.com\/"},{"@type":"ListItem","position":2,"name":"Treatments","item":"https:\/\/orchid-koala-586867.hostingersite.com\/treatments\/"},{"@type":"ListItem","position":3,"name":"Cosmetic Dentistry","item":"https:\/\/orchid-koala-586867.hostingersite.com\/treatments\/cosmetic-dentistry\/"},{"@type":"ListItem","position":4,"name":"Composite Lamina"}]},{"@type":"WebSite","@id":"https:\/\/orchid-koala-586867.hostingersite.com\/#website","url":"https:\/\/orchid-koala-586867.hostingersite.com\/","name":"Lumos Di\u015f Klini\u011fi - Di\u015f Merkezi T\u00fcrkiye","description":"Better Smile With Us","publisher":{"@id":"https:\/\/orchid-koala-586867.hostingersite.com\/#organization"},"alternateName":"We offer comprehensive services from all fields of dentistry. In addition to high-end dental equipment, all services are provided in a comfortable, luxury environment. New patients are welcomed with a complimentary oral health consultation.","potentialAction":[{"@type":"SearchAction","target":{"@type":"EntryPoint","urlTemplate":"https:\/\/orchid-koala-586867.hostingersite.com\/?s={search_term_string}"},"query-input":{"@type":"PropertyValueSpecification","valueRequired":true,"valueName":"search_term_string"}}],"inLanguage":"tr"},{"@type":"Organization","@id":"https:\/\/orchid-koala-586867.hostingersite.com\/#organization","name":"Lumos Di\u015f Klini\u011fi - Di\u015f Merkezi T\u00fcrkiye","alternateName":"We offer comprehensive services from all fields of dentistry. In addition to high-end dental equipment, all services are provided in a comfortable, luxury environment. New patients are welcomed with a complimentary oral health consultation.","url":"https:\/\/orchid-koala-586867.hostingersite.com\/","logo":{"@type":"ImageObject","inLanguage":"tr","@id":"https:\/\/orchid-koala-586867.hostingersite.com\/#\/schema\/logo\/image\/","url":"https:\/\/orchid-koala-586867.hostingersite.com\/wp-content\/uploads\/2023\/08\/cropped-Lumos.png","contentUrl":"https:\/\/orchid-koala-586867.hostingersite.com\/wp-content\/uploads\/2023\/08\/cropped-Lumos.png","width":512,"height":512,"caption":"Lumos Dental Clinic - Dental Centre Turkey"},"image":{"@id":"https:\/\/orchid-koala-586867.hostingersite.com\/#\/schema\/logo\/image\/"},"sameAs":["https:\/\/www.facebook.com\/lumosdentalstudio","https:\/\/www.instagram.com\/lumosdentalclinic"]}]}},"_links":{"self":[{"href":"https:\/\/antalyadiseti.com\/tr\/wp-json\/wp\/v2\/pages\/3471","targetHints":{"allow":["GET"]}}],"collection":[{"href":"https:\/\/antalyadiseti.com\/tr\/wp-json\/wp\/v2\/pages"}],"about":[{"href":"https:\/\/antalyadiseti.com\/tr\/wp-json\/wp\/v2\/types\/page"}],"author":[{"embeddable":true,"href":"https:\/\/antalyadiseti.com\/tr\/wp-json\/wp\/v2\/users\/1"}],"replies":[{"embeddable":true,"href":"https:\/\/antalyadiseti.com\/tr\/wp-json\/wp\/v2\/comments?post=3471"}],"version-history":[{"count":7,"href":"https:\/\/antalyadiseti.com\/tr\/wp-json\/wp\/v2\/pages\/3471\/revisions"}],"predecessor-version":[{"id":3481,"href":"https:\/\/antalyadiseti.com\/tr\/wp-json\/wp\/v2\/pages\/3471\/revisions\/3481"}],"up":[{"embeddable":true,"href":"https:\/\/antalyadiseti.com\/tr\/wp-json\/wp\/v2\/pages\/1054"}],"wp:attachment":[{"href":"https:\/\/antalyadiseti.com\/tr\/wp-json\/wp\/v2\/media?parent=3471"}],"curies":[{"name":"wp","href":"https:\/\/api.w.org\/{rel}","templated":true}]}}