{"id":921,"date":"2016-10-05T08:44:06","date_gmt":"2016-10-05T08:44:06","guid":{"rendered":"http:\/\/dentalia.orionthemes.com\/demo-1\/?page_id=921"},"modified":"2023-05-05T11:03:51","modified_gmt":"2023-05-05T11:03:51","slug":"teeth-whitening","status":"publish","type":"page","link":"https:\/\/antalyadiseti.com\/tr\/treatments\/cosmetic-dentistry\/teeth-whitening\/","title":{"rendered":"Di\u015f Beyazlatma"},"content":{"rendered":"<div id=\"pl-921\"  class=\"panel-layout\" ><div id=\"pg-921-0\"  class=\"panel-grid panel-has-style\" ><div class=\"divider-no-animation tablet-1-in-row mobile-1-in-row desktop-default custom panel-row-style panel-row-style-for-921-0\" ><div id=\"pgc-921-0-0\"  class=\"panel-grid-cell\" ><div id=\"panel-921-0-0-0\" class=\"so-panel widget widget_orion_heading_w panel-first-child\" data-index=\"0\" ><div class=\"orion custom default panel-widget-style panel-widget-style-for-921-0-0-0\" ><div\n\t\t\t\n\t\t\tclass=\"so-widget-orion_heading_w so-widget-orion_heading_w-base\"\n\t\t\t\n\t\t> \r\n\t\t\t<div class=\"row orion-heading\" style=\"margin-bottom:0px;\">\r\n\t\t<div class=\"col-md-12  separator-style-1 text-left style-h6 style-primary-color\">\r\n\t\t\t<h6 class=\"primary-color\">\r\n\t\t\t\tT\u00fcrkiyede Di\u015f Beyazlatma\t\t\t<\/h6>\r\n\t\t<\/div>\r\n\t<\/div>\r\n\r\n\t<\/div><\/div><\/div><div id=\"panel-921-0-0-1\" class=\"so-panel widget widget_orion_heading_w\" data-index=\"1\" ><div class=\"orion custom default panel-widget-style panel-widget-style-for-921-0-0-1\" ><div\n\t\t\t\n\t\t\tclass=\"so-widget-orion_heading_w so-widget-orion_heading_w-base\"\n\t\t\t\n\t\t> \r\n\t\t\t<div class=\"row orion-heading\" style=\"margin-bottom:0px;\">\r\n\t\t<div class=\"col-md-12   text-left style-h2 style-text-dark\">\r\n\t\t\t<h2 class=\"text-dark\">\r\n\t\t\t\tLazer Di\u015f Beyazlatma\t\t\t<\/h2>\r\n\t\t<\/div>\r\n\t<\/div>\r\n\r\n\t<\/div><\/div><\/div><div id=\"panel-921-0-0-2\" class=\"so-panel widget widget_sow-editor\" data-index=\"2\" ><div class=\"orion custom default panel-widget-style panel-widget-style-for-921-0-0-2\" ><div\n\t\t\t\n\t\t\tclass=\"so-widget-sow-editor so-widget-sow-editor-base\"\n\t\t\t\n\t\t>\n<div class=\"siteorigin-widget-tinymce textwidget\">\n\t<p class=\"lead\"><strong>Tek seansta 3 ad\u0131mda Lazerle di\u015f beyazlatma yap\u0131yoruz.<\/strong><\/p>\n<p>Prosed\u00fcr, di\u015f hekimimizin hastan\u0131n di\u015flerini temizlemesini ve kontrol etmesini i\u00e7erir. Daha sonra di\u015f beyazlatma jeli di\u015flere uygulanmadan \u00f6nce hastan\u0131n di\u015f etleri koruma alt\u0131na al\u0131n\u0131r. En son teknoloji kullan\u0131larak ve di\u015f hekimimizin uygun g\u00f6zetimi alt\u0131nda jel, d\u00fcnyaca \u00fcnl\u00fc 'Zoom' lazer di\u015f beyazlatma \u0131\u015f\u0131\u011f\u0131na tabi tutulur. Bu i\u015flem di\u015fleri \u00fc\u00e7 veya d\u00f6rt derece beyazlatabilir. Di\u015f rengi ki\u015fiden ki\u015fiye de\u011fi\u015fir. Sigara kullan\u0131m\u0131, a\u015f\u0131r\u0131 \u00e7ay, kahve ve asitli i\u00e7ecek t\u00fcketimi, di\u015f hijyenine ve bak\u0131m\u0131na yeterince dikkat edilmemesi di\u015flerin sararmas\u0131na veya lekelenmesine neden olabilir. Baz\u0131 durumlarda anne karn\u0131ndaki ya da \u00e7ocukluk \u00e7a\u011f\u0131ndaki yap\u0131sal bozukluklar ya da s\u00fcrekli ila\u00e7 kullan\u0131m\u0131 da di\u015f renginde de\u011fi\u015fimlere neden olabilir. 'Zoom' lazer beyazlatma i\u015flemi, t\u00fcm bu durumlar i\u00e7in h\u0131zl\u0131 ve en ekonomik prosed\u00fcrd\u00fcr. di\u015f beyazlatma Baz\u0131 a\u015f\u0131r\u0131 durumlarda, klini\u011fimizde lazerle beyazlatma yap\u0131l\u0131rken hastadan evde uygulanan beyazlatma tedavisini kullanmas\u0131 istenecektir. Bu gibi durumlarda kozmetik di\u015f hekimlerimiz, laboratuvar teknisyenlerimizle i\u015fbirli\u011fi i\u00e7inde jelin nas\u0131l uygulanaca\u011f\u0131n\u0131 ve saklanaca\u011f\u0131n\u0131 anlatabilecektir.<\/p>\n<\/div>\n<\/div><\/div><\/div><div id=\"panel-921-0-0-3\" class=\"so-panel widget widget_orion_empty_space_w\" data-index=\"3\" ><div class=\"orion custom default panel-widget-style panel-widget-style-for-921-0-0-3\" ><div\n\t\t\t\n\t\t\tclass=\"so-widget-orion_empty_space_w so-widget-orion_empty_space_w-base\"\n\t\t\t\n\t\t>\t<div class=\"row empty-space visible-sm visible-xs\" style=\"height:24px;\">\r\n\t<\/div><\/div><\/div><\/div><div id=\"panel-921-0-0-4\" class=\"so-panel widget widget_orion_button_w panel-last-child\" data-index=\"4\" ><div class=\"orion custom mobile-text-center tablets-text-center absolute-bottom absolute-bottom-left default panel-widget-style panel-widget-style-for-921-0-0-4\" ><div\n\t\t\t\n\t\t\tclass=\"so-widget-orion_button_w so-widget-orion_button_w-base\"\n\t\t\t\n\t\t>\r\n\t\t\t<a class=\"btn btn-c1 btn-round btn-flat btn-lg\"  href=\"https:\/\/antalyadiseti.com\/tr\/get-a-quote\/\">\r\n\t\t\t\u00dcCRETS\u0130Z F\u0130YAT TEKL\u0130F\u0130 AL\t\t\r\n\t\t<\/a>\r\n\t\r\n\r\n\r\n\r\n<\/div><\/div><\/div><\/div><div id=\"pgc-921-0-1\"  class=\"panel-grid-cell\" ><div id=\"panel-921-0-1-0\" class=\"so-panel widget widget_orion_before_after_w panel-first-child\" data-index=\"5\" ><div class=\"orion custom default panel-widget-style panel-widget-style-for-921-0-1-0\" ><div\n\t\t\t\n\t\t\tclass=\"so-widget-orion_before_after_w so-widget-orion_before_after_w-base\"\n\t\t\t\n\t\t>\t<div class=\"wrapper img-frame shadow-4\">\t\t\t\r\n\t<div class=\"twentytwenty-container orion-before-after overlay-none overlay-hover-none handle-transparent\" id=\"ba_69d52dc7ada77\">\r\n\t\t\t<img decoding=\"async\" src=\"https:\/\/antalyadiseti.com\/wp-content\/uploads\/2023\/04\/white1.jpg\" \r\n\t\t\tclass=\"before\" \r\n\t\t\t\t\t\t\/>\t\r\n\t\t\t\t\t\t<div class=\"twentytwenty-before before-text wrap absolute\">\r\n\t\t\t\t<span class=\"bg-c1 font-3\">\r\n\t\t\t\t\u00d6ncesi\t\t\t\t<\/span>\r\n\t\t\t<\/div>\r\n\t\t\t\t\t\t<img decoding=\"async\" src=\"https:\/\/antalyadiseti.com\/wp-content\/uploads\/2023\/04\/white2.jpg\" class=\"after\" \r\n\t\t\t\t\t\t\/>\r\n\t\t\t\t\t\t<div class=\"twentytwenty-after after-text wrap absolute\">\r\n\t\t\t\t<span class=\"bg-c1 font-3\">\r\n\t\t\t\tSonras\u0131\t\t\t\t<\/span>\r\n\t\t\t<\/div>\r\n\t\t\t\t\t\r\n\t\t<div class=\"overlay\"><\/div>\r\n\t<\/div>\r\n\t<\/div>\r\n\r\n\t<script>\r\n\tjQuery(window).on('load',function(){\r\n\t\tjQuery(\"#ba_69d52dc7ada77\").twentytwenty({\r\n\t\t\tdefault_offset_pct: 0.5, \r\n\t\t\torientation: 'horizontal', \r\n\t\t});\r\n\t});\r\n\t<\/script> <\/div><\/div><\/div><div id=\"panel-921-0-1-1\" class=\"so-panel widget widget_sow-editor panel-last-child\" data-index=\"6\" ><div class=\"orion custom mobile-text-center default panel-widget-style panel-widget-style-for-921-0-1-1\" ><div\n\t\t\t\n\t\t\tclass=\"so-widget-sow-editor so-widget-sow-editor-base\"\n\t\t\t\n\t\t>\n<div class=\"siteorigin-widget-tinymce textwidget\">\n\t<p>Di\u015f Beyazlatma \u00d6ncesi ve Sonras\u0131 Hastalar<\/p>\n<\/div>\n<\/div><\/div><\/div><\/div><\/div><\/div><div id=\"pg-921-1\"  class=\"panel-grid panel-has-style\" ><div class=\"siteorigin-panels-stretch divider-no-animation tablet-default mobile-1-in-row desktop-default overlay-c3 custom responsive-fit panel-row-style panel-row-style-for-921-1\" data-stretch-type=\"full\" ><div id=\"pgc-921-1-0\"  class=\"panel-grid-cell\" ><div id=\"panel-921-1-0-0\" class=\"so-panel widget widget_orion_icon_text_w panel-first-child panel-last-child\" data-index=\"7\" ><div class=\"orion default panel-widget-style panel-widget-style-for-921-1-0-0\" ><div\n\t\t\t\n\t\t\tclass=\"so-widget-orion_icon_text_w so-widget-orion_icon_text_w-base\"\n\t\t\t\n\t\t>\r\n<div class=\"row icon-box-items-wrap grid icon-top\">\r\n \r\n\t\r\n\t\t\r\n\t\t\r\n\t\t\t\t\r\n\t\t\r\n\t\t<div class=\"icon-box-wrap clearfix col-lg-4 col-md-4 col-sm-6 no_desc vertical-center text-light\" style=\"margin-bottom:60px;\">\t\t\r\n\r\n\t\t\t\t\t\t\t\t\t\t<div class=\"icon-wrap relative simple\">\r\n\t\t\t\t\t<span class=\"sow-icon-dentalicons\" data-sow-icon=\"&#xe813;\"\n\t\tstyle=\"color: #ffffff\" \n\t\taria-hidden=\"true\"><\/span>\t\t\t\t\t\t\t\t\t<\/div>\r\n\t\t\t\r\n\t\t\t<h4 class=\"item-title h6\">3 Ton Daha Beyaz G\u00fcl\u00fcmseme<\/h4>\t\t\t\r\n\r\n\t\t\t\r\n\t\t<\/div>\r\n\t\r\n\t\t\r\n\t\t\r\n\t\t\t\t\r\n\t\t\r\n\t\t<div class=\"icon-box-wrap clearfix col-lg-4 col-md-4 col-sm-6 no_desc vertical-center text-light\" style=\"margin-bottom:60px;\">\t\t\r\n\r\n\t\t\t\t\t\t\t\t\t\t<div class=\"icon-wrap relative simple\">\r\n\t\t\t\t\t<span class=\"sow-icon-dentalicons\" data-sow-icon=\"&#xe80c;\"\n\t\tstyle=\"color: #ffffff\" \n\t\taria-hidden=\"true\"><\/span>\t\t\t\t\t\t\t\t\t<\/div>\r\n\t\t\t\r\n\t\t\t<h4 class=\"item-title h6\">Minimum Tahri\u015f<\/h4>\t\t\t\r\n\r\n\t\t\t\r\n\t\t<\/div>\r\n\t\r\n\t\t\r\n\t\t\r\n\t\t\t\t\r\n\t\t\r\n\t\t<div class=\"icon-box-wrap clearfix col-lg-4 col-md-4 col-sm-6 no_desc vertical-center text-light\" style=\"margin-bottom:60px;\">\t\t\r\n\r\n\t\t\t\t\t\t\t\t\t\t<div class=\"icon-wrap relative simple\">\r\n\t\t\t\t\t<span class=\"sow-icon-dentalicons\" data-sow-icon=\"&#xe816;\"\n\t\tstyle=\"color: #ffffff\" \n\t\taria-hidden=\"true\"><\/span>\t\t\t\t\t\t\t\t\t<\/div>\r\n\t\t\t\r\n\t\t\t<h4 class=\"item-title h6\">Sadece bir ziyaret<\/h4>\t\t\t\r\n\r\n\t\t\t\r\n\t\t<\/div>\r\n\t\r\n<\/div><\/div><\/div><\/div><\/div><\/div><\/div><\/div>","protected":false},"excerpt":{"rendered":"<p>Lazer di\u015f beyazlatma, di\u015flerinizi tek bir ziyarette 3 tona kadar beyazlatmam\u0131z\u0131 sa\u011flar.<\/p>","protected":false},"author":1,"featured_media":0,"parent":1054,"menu_order":0,"comment_status":"closed","ping_status":"closed","template":"","meta":{"footnotes":""},"class_list":["post-921","page","type-page","status-publish","hentry"],"yoast_head":"<!-- This site is optimized with the Yoast SEO Premium plugin v20.2.1 (Yoast SEO v27.3) - https:\/\/yoast.com\/product\/yoast-seo-premium-wordpress\/ -->\n<title>Teeth Whitening - Lumos Dental Clinic - Dental Centre Turkey<\/title>\n<meta name=\"robots\" content=\"index, follow, max-snippet:-1, max-image-preview:large, max-video-preview:-1\" \/>\n<link rel=\"canonical\" href=\"https:\/\/orchid-koala-586867.hostingersite.com\/tr\/treatments\/cosmetic-dentistry\/teeth-whitening\/\" \/>\n<meta property=\"og:locale\" content=\"tr_TR\" \/>\n<meta property=\"og:type\" content=\"article\" \/>\n<meta property=\"og:title\" content=\"Teeth Whitening\" \/>\n<meta property=\"og:description\" content=\"Laser teeth whitening allows us to whiten your teeth for as much as 8 shades in just one visit.\" \/>\n<meta property=\"og:url\" content=\"https:\/\/orchid-koala-586867.hostingersite.com\/tr\/treatments\/cosmetic-dentistry\/teeth-whitening\/\" \/>\n<meta property=\"og:site_name\" content=\"Lumos Dental Clinic - Dental Centre Turkey\" \/>\n<meta property=\"article:publisher\" content=\"https:\/\/www.facebook.com\/lumosdentalstudio\" \/>\n<meta property=\"article:modified_time\" content=\"2023-05-05T11:03:51+00:00\" \/>\n<meta property=\"og:image\" content=\"https:\/\/antalyadiseti.com\/wp-content\/uploads\/2023\/08\/cropped-Lumos.png\" \/>\n\t<meta property=\"og:image:width\" content=\"512\" \/>\n\t<meta property=\"og:image:height\" content=\"512\" \/>\n\t<meta property=\"og:image:type\" content=\"image\/png\" \/>\n<meta name=\"twitter:card\" content=\"summary_large_image\" \/>\n<meta name=\"twitter:label1\" content=\"Est. reading time\" \/>\n\t<meta name=\"twitter:data1\" content=\"1 dakika\" \/>\n<script type=\"application\/ld+json\" class=\"yoast-schema-graph\">{\"@context\":\"https:\\\/\\\/schema.org\",\"@graph\":[{\"@type\":\"WebPage\",\"@id\":\"https:\\\/\\\/orchid-koala-586867.hostingersite.com\\\/tr\\\/treatments\\\/cosmetic-dentistry\\\/teeth-whitening\\\/\",\"url\":\"https:\\\/\\\/orchid-koala-586867.hostingersite.com\\\/tr\\\/treatments\\\/cosmetic-dentistry\\\/teeth-whitening\\\/\",\"name\":\"Teeth Whitening - Lumos Dental Clinic - Dental Centre Turkey\",\"isPartOf\":{\"@id\":\"https:\\\/\\\/orchid-koala-586867.hostingersite.com\\\/#website\"},\"datePublished\":\"2016-10-05T08:44:06+00:00\",\"dateModified\":\"2023-05-05T11:03:51+00:00\",\"breadcrumb\":{\"@id\":\"https:\\\/\\\/orchid-koala-586867.hostingersite.com\\\/tr\\\/treatments\\\/cosmetic-dentistry\\\/teeth-whitening\\\/#breadcrumb\"},\"inLanguage\":\"tr\",\"potentialAction\":[{\"@type\":\"ReadAction\",\"target\":[\"https:\\\/\\\/orchid-koala-586867.hostingersite.com\\\/tr\\\/treatments\\\/cosmetic-dentistry\\\/teeth-whitening\\\/\"]}]},{\"@type\":\"BreadcrumbList\",\"@id\":\"https:\\\/\\\/orchid-koala-586867.hostingersite.com\\\/tr\\\/treatments\\\/cosmetic-dentistry\\\/teeth-whitening\\\/#breadcrumb\",\"itemListElement\":[{\"@type\":\"ListItem\",\"position\":1,\"name\":\"Home\",\"item\":\"https:\\\/\\\/orchid-koala-586867.hostingersite.com\\\/\"},{\"@type\":\"ListItem\",\"position\":2,\"name\":\"Treatments\",\"item\":\"https:\\\/\\\/orchid-koala-586867.hostingersite.com\\\/treatments\\\/\"},{\"@type\":\"ListItem\",\"position\":3,\"name\":\"Cosmetic Dentistry\",\"item\":\"https:\\\/\\\/orchid-koala-586867.hostingersite.com\\\/treatments\\\/cosmetic-dentistry\\\/\"},{\"@type\":\"ListItem\",\"position\":4,\"name\":\"Teeth Whitening\"}]},{\"@type\":\"WebSite\",\"@id\":\"https:\\\/\\\/orchid-koala-586867.hostingersite.com\\\/#website\",\"url\":\"https:\\\/\\\/orchid-koala-586867.hostingersite.com\\\/\",\"name\":\"Lumos Dental Clinic - Dental Centre Turkey\",\"description\":\"Better Smile With Us\",\"publisher\":{\"@id\":\"https:\\\/\\\/orchid-koala-586867.hostingersite.com\\\/#organization\"},\"alternateName\":\"We offer comprehensive services from all fields of dentistry. In addition to high-end dental equipment, all services are provided in a comfortable, luxury environment. New patients are welcomed with a complimentary oral health consultation.\",\"potentialAction\":[{\"@type\":\"SearchAction\",\"target\":{\"@type\":\"EntryPoint\",\"urlTemplate\":\"https:\\\/\\\/orchid-koala-586867.hostingersite.com\\\/?s={search_term_string}\"},\"query-input\":{\"@type\":\"PropertyValueSpecification\",\"valueRequired\":true,\"valueName\":\"search_term_string\"}}],\"inLanguage\":\"tr\"},{\"@type\":\"Organization\",\"@id\":\"https:\\\/\\\/orchid-koala-586867.hostingersite.com\\\/#organization\",\"name\":\"Lumos Dental Clinic - Dental Centre Turkey\",\"alternateName\":\"We offer comprehensive services from all fields of dentistry. In addition to high-end dental equipment, all services are provided in a comfortable, luxury environment. New patients are welcomed with a complimentary oral health consultation.\",\"url\":\"https:\\\/\\\/orchid-koala-586867.hostingersite.com\\\/\",\"logo\":{\"@type\":\"ImageObject\",\"inLanguage\":\"tr\",\"@id\":\"https:\\\/\\\/orchid-koala-586867.hostingersite.com\\\/#\\\/schema\\\/logo\\\/image\\\/\",\"url\":\"https:\\\/\\\/orchid-koala-586867.hostingersite.com\\\/wp-content\\\/uploads\\\/2023\\\/08\\\/cropped-Lumos.png\",\"contentUrl\":\"https:\\\/\\\/orchid-koala-586867.hostingersite.com\\\/wp-content\\\/uploads\\\/2023\\\/08\\\/cropped-Lumos.png\",\"width\":512,\"height\":512,\"caption\":\"Lumos Dental Clinic - Dental Centre Turkey\"},\"image\":{\"@id\":\"https:\\\/\\\/orchid-koala-586867.hostingersite.com\\\/#\\\/schema\\\/logo\\\/image\\\/\"},\"sameAs\":[\"https:\\\/\\\/www.facebook.com\\\/lumosdentalstudio\",\"https:\\\/\\\/www.instagram.com\\\/lumosdentalclinic\"]}]}<\/script>\n<!-- \/ Yoast SEO Premium plugin. -->","yoast_head_json":{"title":"Di\u015f Beyazlatma - Lumos Di\u015f Klini\u011fi - Di\u015f Merkezi T\u00fcrkiye","robots":{"index":"index","follow":"follow","max-snippet":"max-snippet:-1","max-image-preview":"max-image-preview:large","max-video-preview":"max-video-preview:-1"},"canonical":"https:\/\/orchid-koala-586867.hostingersite.com\/tr\/treatments\/cosmetic-dentistry\/teeth-whitening\/","og_locale":"tr_TR","og_type":"article","og_title":"Teeth Whitening","og_description":"Laser teeth whitening allows us to whiten your teeth for as much as 8 shades in just one visit.","og_url":"https:\/\/orchid-koala-586867.hostingersite.com\/tr\/treatments\/cosmetic-dentistry\/teeth-whitening\/","og_site_name":"Lumos Dental Clinic - Dental Centre Turkey","article_publisher":"https:\/\/www.facebook.com\/lumosdentalstudio","article_modified_time":"2023-05-05T11:03:51+00:00","og_image":[{"width":512,"height":512,"url":"https:\/\/antalyadiseti.com\/wp-content\/uploads\/2023\/08\/cropped-Lumos.png","type":"image\/png"}],"twitter_card":"summary_large_image","twitter_misc":{"Est. reading time":"1 dakika"},"schema":{"@context":"https:\/\/schema.org","@graph":[{"@type":"WebPage","@id":"https:\/\/orchid-koala-586867.hostingersite.com\/tr\/treatments\/cosmetic-dentistry\/teeth-whitening\/","url":"https:\/\/orchid-koala-586867.hostingersite.com\/tr\/treatments\/cosmetic-dentistry\/teeth-whitening\/","name":"Di\u015f Beyazlatma - Lumos Di\u015f Klini\u011fi - Di\u015f Merkezi T\u00fcrkiye","isPartOf":{"@id":"https:\/\/orchid-koala-586867.hostingersite.com\/#website"},"datePublished":"2016-10-05T08:44:06+00:00","dateModified":"2023-05-05T11:03:51+00:00","breadcrumb":{"@id":"https:\/\/orchid-koala-586867.hostingersite.com\/tr\/treatments\/cosmetic-dentistry\/teeth-whitening\/#breadcrumb"},"inLanguage":"tr","potentialAction":[{"@type":"ReadAction","target":["https:\/\/orchid-koala-586867.hostingersite.com\/tr\/treatments\/cosmetic-dentistry\/teeth-whitening\/"]}]},{"@type":"BreadcrumbList","@id":"https:\/\/orchid-koala-586867.hostingersite.com\/tr\/treatments\/cosmetic-dentistry\/teeth-whitening\/#breadcrumb","itemListElement":[{"@type":"ListItem","position":1,"name":"Home","item":"https:\/\/orchid-koala-586867.hostingersite.com\/"},{"@type":"ListItem","position":2,"name":"Treatments","item":"https:\/\/orchid-koala-586867.hostingersite.com\/treatments\/"},{"@type":"ListItem","position":3,"name":"Cosmetic Dentistry","item":"https:\/\/orchid-koala-586867.hostingersite.com\/treatments\/cosmetic-dentistry\/"},{"@type":"ListItem","position":4,"name":"Teeth Whitening"}]},{"@type":"WebSite","@id":"https:\/\/orchid-koala-586867.hostingersite.com\/#website","url":"https:\/\/orchid-koala-586867.hostingersite.com\/","name":"Lumos Di\u015f Klini\u011fi - Di\u015f Merkezi T\u00fcrkiye","description":"Better Smile With Us","publisher":{"@id":"https:\/\/orchid-koala-586867.hostingersite.com\/#organization"},"alternateName":"We offer comprehensive services from all fields of dentistry. In addition to high-end dental equipment, all services are provided in a comfortable, luxury environment. New patients are welcomed with a complimentary oral health consultation.","potentialAction":[{"@type":"SearchAction","target":{"@type":"EntryPoint","urlTemplate":"https:\/\/orchid-koala-586867.hostingersite.com\/?s={search_term_string}"},"query-input":{"@type":"PropertyValueSpecification","valueRequired":true,"valueName":"search_term_string"}}],"inLanguage":"tr"},{"@type":"Organization","@id":"https:\/\/orchid-koala-586867.hostingersite.com\/#organization","name":"Lumos Di\u015f Klini\u011fi - Di\u015f Merkezi T\u00fcrkiye","alternateName":"We offer comprehensive services from all fields of dentistry. In addition to high-end dental equipment, all services are provided in a comfortable, luxury environment. New patients are welcomed with a complimentary oral health consultation.","url":"https:\/\/orchid-koala-586867.hostingersite.com\/","logo":{"@type":"ImageObject","inLanguage":"tr","@id":"https:\/\/orchid-koala-586867.hostingersite.com\/#\/schema\/logo\/image\/","url":"https:\/\/orchid-koala-586867.hostingersite.com\/wp-content\/uploads\/2023\/08\/cropped-Lumos.png","contentUrl":"https:\/\/orchid-koala-586867.hostingersite.com\/wp-content\/uploads\/2023\/08\/cropped-Lumos.png","width":512,"height":512,"caption":"Lumos Dental Clinic - Dental Centre Turkey"},"image":{"@id":"https:\/\/orchid-koala-586867.hostingersite.com\/#\/schema\/logo\/image\/"},"sameAs":["https:\/\/www.facebook.com\/lumosdentalstudio","https:\/\/www.instagram.com\/lumosdentalclinic"]}]}},"_links":{"self":[{"href":"https:\/\/antalyadiseti.com\/tr\/wp-json\/wp\/v2\/pages\/921","targetHints":{"allow":["GET"]}}],"collection":[{"href":"https:\/\/antalyadiseti.com\/tr\/wp-json\/wp\/v2\/pages"}],"about":[{"href":"https:\/\/antalyadiseti.com\/tr\/wp-json\/wp\/v2\/types\/page"}],"author":[{"embeddable":true,"href":"https:\/\/antalyadiseti.com\/tr\/wp-json\/wp\/v2\/users\/1"}],"replies":[{"embeddable":true,"href":"https:\/\/antalyadiseti.com\/tr\/wp-json\/wp\/v2\/comments?post=921"}],"version-history":[{"count":10,"href":"https:\/\/antalyadiseti.com\/tr\/wp-json\/wp\/v2\/pages\/921\/revisions"}],"predecessor-version":[{"id":3648,"href":"https:\/\/antalyadiseti.com\/tr\/wp-json\/wp\/v2\/pages\/921\/revisions\/3648"}],"up":[{"embeddable":true,"href":"https:\/\/antalyadiseti.com\/tr\/wp-json\/wp\/v2\/pages\/1054"}],"wp:attachment":[{"href":"https:\/\/antalyadiseti.com\/tr\/wp-json\/wp\/v2\/media?parent=921"}],"curies":[{"name":"wp","href":"https:\/\/api.w.org\/{rel}","templated":true}]}}