{"id":934,"date":"2016-10-05T11:37:48","date_gmt":"2016-10-05T11:37:48","guid":{"rendered":"http:\/\/dentalia.orionthemes.com\/demo-1\/?page_id=934"},"modified":"2023-05-03T00:49:03","modified_gmt":"2023-05-03T00:49:03","slug":"smile-makeover","status":"publish","type":"page","link":"https:\/\/antalyadiseti.com\/tr\/treatments\/cosmetic-dentistry\/smile-makeover\/","title":{"rendered":"G\u00fcl\u00fc\u015f Tasar\u0131m\u0131"},"content":{"rendered":"<div id=\"pl-934\"  class=\"panel-layout\" ><div id=\"pg-934-0\"  class=\"panel-grid panel-has-style\" ><div class=\"divider-no-animation tablet-1-in-row mobile-1-in-row desktop-default custom panel-row-style panel-row-style-for-934-0\" ><div id=\"pgc-934-0-0\"  class=\"panel-grid-cell\" ><div id=\"panel-934-0-0-0\" class=\"so-panel widget widget_orion_before_after_w panel-first-child\" data-index=\"0\" ><div class=\"orion custom default panel-widget-style panel-widget-style-for-934-0-0-0\" ><div\n\t\t\t\n\t\t\tclass=\"so-widget-orion_before_after_w so-widget-orion_before_after_w-base\"\n\t\t\t\n\t\t>\t<div class=\"twentytwenty-container orion-before-after overlay-none overlay-hover-none handle-transparent\" id=\"ba_69d52d8bab576\">\r\n\t\t\t<img decoding=\"async\" src=\"https:\/\/antalyadiseti.com\/wp-content\/uploads\/2023\/04\/smilemakeoverBA1.jpg\" \r\n\t\t\tclass=\"before\" \r\n\t\t\t\t\t\t\/>\t\r\n\t\t\t\t\t\t<div class=\"twentytwenty-before before-text wrap absolute\">\r\n\t\t\t\t<span class=\"bg-c1 font-3\">\r\n\t\t\t\t\u00d6ncesi\t\t\t\t<\/span>\r\n\t\t\t<\/div>\r\n\t\t\t\t\t\t<img decoding=\"async\" src=\"https:\/\/antalyadiseti.com\/wp-content\/uploads\/2023\/04\/smilemakeoverBA2.jpg\" class=\"after\" \r\n\t\t\t\t\t\t\/>\r\n\t\t\t\t\t\t<div class=\"twentytwenty-after after-text wrap absolute\">\r\n\t\t\t\t<span class=\"bg-c1 font-3\">\r\n\t\t\t\tSonras\u0131\t\t\t\t<\/span>\r\n\t\t\t<\/div>\r\n\t\t\t\t\t\r\n\t\t<div class=\"overlay\"><\/div>\r\n\t<\/div>\r\n\r\n\t<script>\r\n\tjQuery(window).on('load',function(){\r\n\t\tjQuery(\"#ba_69d52d8bab576\").twentytwenty({\r\n\t\t\tdefault_offset_pct: 0.5, \r\n\t\t\torientation: 'horizontal', \r\n\t\t});\r\n\t});\r\n\t<\/script> <\/div><\/div><\/div><div id=\"panel-934-0-0-1\" class=\"so-panel widget widget_orion_heading_w\" data-index=\"1\" ><div class=\"orion custom mobile-text-center tablets-text-center default panel-widget-style panel-widget-style-for-934-0-0-1\" ><div\n\t\t\t\n\t\t\tclass=\"so-widget-orion_heading_w so-widget-orion_heading_w-base\"\n\t\t\t\n\t\t> \r\n\t\t\t<div class=\"row orion-heading\" style=\"margin-bottom:0px;\">\r\n\t\t<div class=\"col-md-12  separator-style-1 text-left style-h6 style-primary-color\">\r\n\t\t\t<h6 class=\"primary-color\">\r\n\t\t\t\tT\u00fcrkiye'de g\u00fcl\u00fc\u015f tasar\u0131m\u0131\t\t\t<\/h6>\r\n\t\t<\/div>\r\n\t<\/div>\r\n\r\n\t<\/div><\/div><\/div><div id=\"panel-934-0-0-2\" class=\"so-panel widget widget_orion_heading_w\" data-index=\"2\" ><div class=\"orion custom mobile-text-center tablets-text-center default panel-widget-style panel-widget-style-for-934-0-0-2\" ><div\n\t\t\t\n\t\t\tclass=\"so-widget-orion_heading_w so-widget-orion_heading_w-base\"\n\t\t\t\n\t\t> \r\n\t\t\t<div class=\"row orion-heading\" style=\"margin-bottom:0px;\">\r\n\t\t<div class=\"col-md-12   text-left style-h2 style-text-dark\">\r\n\t\t\t<h2 class=\"text-dark\">\r\n\t\t\t\tG\u00fcl\u00fc\u015f Tasar\u0131m\u0131\t\t\t<\/h2>\r\n\t\t<\/div>\r\n\t<\/div>\r\n\r\n\t<\/div><\/div><\/div><div id=\"panel-934-0-0-3\" class=\"so-panel widget widget_sow-editor\" data-index=\"3\" ><div class=\"orion custom mobile-text-center tablets-text-center default panel-widget-style panel-widget-style-for-934-0-0-3\" ><div\n\t\t\t\n\t\t\tclass=\"so-widget-sow-editor so-widget-sow-editor-base\"\n\t\t\t\n\t\t>\n<div class=\"siteorigin-widget-tinymce textwidget\">\n\t<p class=\"lead\"><strong>G\u00fcl\u00fc\u015f tasar\u0131m\u0131 olarak da bilinen T\u00fcrkiye'de Smile Makeover, bo\u015fluklar, d\u00fczensiz di\u015f dizilimi, k\u0131r\u0131klar vb. gibi birden fazla kozmetik veya yap\u0131sal di\u015f kusurlar\u0131n\u0131 ayn\u0131 anda gidermek i\u00e7in tasarlanm\u0131\u015ft\u0131r. Ayn\u0131 zamanda di\u015flerinizin ve di\u015f etlerinizin g\u00f6r\u00fcn\u00fcm\u00fcn\u00fc ve sa\u011fl\u0131\u011f\u0131n\u0131 iyile\u015ftirme s\u00fcrecidir. Bir dizi di\u015f hekimli\u011fi prosed\u00fcr\u00fc arac\u0131l\u0131\u011f\u0131yla.<\/strong><\/p>\n<p class=\"lead\">Dudak yap\u0131s\u0131n\u0131n y\u00fcz esteti\u011fine uyumu, di\u015f ve di\u015f etlerinin dizili\u015fi, beyazlatma gibi fakt\u00f6rlere ba\u011fl\u0131 olarak ki\u015fi y\u00fcz esteti\u011fi ile daha iyimser olabilir ve \u00f6zg\u00fcven kazanabilir.<\/p>\n<p class=\"lead\">Bu ba\u011flamda dudak ve di\u015f etlerinin seviyesi, di\u015flerin uzunlu\u011fu, dizili\u015fi, di\u015flerin rengi, dudak ve di\u015flerin uyumu g\u00fczel bir g\u00fcl\u00fc\u015f\u00fcn ortaya \u00e7\u0131kmas\u0131n\u0131 sa\u011flar.<\/p>\n<\/div>\n<\/div><\/div><\/div><div id=\"panel-934-0-0-4\" class=\"so-panel widget widget_orion_accordion_w\" data-index=\"4\" ><div class=\"orion custom default panel-widget-style panel-widget-style-for-934-0-0-4\" ><div\n\t\t\t\n\t\t\tclass=\"so-widget-orion_accordion_w so-widget-orion_accordion_w-base\"\n\t\t\t\n\t\t>\t\r\n\r\n\t<div class=\"panel-group\" role=\"tablist\" aria-multiselectable=\"true\" id=\"acc_69d52d8baba16\">\r\n\t\t\r\n\t\t\t\t\t\t\t\t\r\n\t\t\t\r\n\t\t<div class=\"panel panel-default\" style=\"border-color:#f2f2f2; background:transparent\">\r\n\t\t\t<div class=\"panel-heading\" role=\"tab\" id=\"HowlongdoesittaketocreateaSmileDesign69d52d8baba1e\">\r\n\t\t\t\t<h4 class=\"panel-title\">\r\n\t\t\t\t\t<a role=\"button\" data-toggle=\"collapse\" href=\"#HowlongdoesittaketocreateaSmileDesign69d52d8baba1e-panel\" class=\"collapsed primary-hover\" aria-expanded=\"false\" aria-controls=\"HowlongdoesittaketocreateaSmileDesign69d52d8baba1e\" data-parent=\"#acc_69d52d8baba16\" style=\"border-color:#f2f2f2;\">\r\n\t\t\t\t\t  \t\r\n\t\t\t\t\t  \tG\u00fcl\u00fc\u015f Tasar\u0131m\u0131 olu\u015fturmak ne kadar s\u00fcrer?\t\t\t\t\t<\/a>\r\n\t\t\t\t<\/h4>\r\n\r\n\t\t\t<\/div>\r\n\t\t\t<div class=\"panel-collapse collapse\" id=\"HowlongdoesittaketocreateaSmileDesign69d52d8baba1e-panel\" aria-expanded=\"false\" role=\"tabpanel\" aria-labelledby=\"HowlongdoesittaketocreateaSmileDesign69d52d8baba1e\">\r\n\t\t\t\t<div class=\"panel-body\" style=\"border-color:#f2f2f2;\">\r\n\t\t\t\t\t<p>Di\u015flerin ve di\u015f etlerinin \u015fekli, hastan\u0131n sa\u011fl\u0131\u011f\u0131na ba\u011fl\u0131 olarak de\u011fi\u015febilir ve bu, \u00e7e\u015fitli prosed\u00fcrlerin s\u00fcresini etkileyebilir, ayr\u0131ca di\u015f hekimli\u011finde bir\u00e7ok farkl\u0131 ve \u00e7e\u015fitli tedavi t\u00fcr\u00fc mevcuttur ve her birinin farkl\u0131 bir tedavi s\u00fcresi olacakt\u0131r.<\/p>\n<p>Ancak en son ve geli\u015fmi\u015f bilgisayar teknolojisi ile 30 dakika gibi k\u0131sa bir s\u00fcrede kendi b\u00fcnyesinde yeni bir di\u015f tasarlamak ve \u00fcretmek m\u00fcmk\u00fcn olup, di\u015f hekiminin di\u015f provalar\u0131n\u0131 neredeyse an\u0131nda yapmas\u0131na olanak sa\u011flamaktad\u0131r.<\/p>\n\t\t\t\t<\/div>\r\n\t\t\t<\/div>\r\n\t\t<\/div>\r\n\t\t\t\t\t\t\r\n\t\t\t\r\n\t\t<div class=\"panel panel-default\" style=\"border-color:#f2f2f2; background:transparent\">\r\n\t\t\t<div class=\"panel-heading\" role=\"tab\" id=\"HowmanyvisitsareneededtocompletetheSmileDesignMakeover69d52d8baba6b\">\r\n\t\t\t\t<h4 class=\"panel-title\">\r\n\t\t\t\t\t<a role=\"button\" data-toggle=\"collapse\" href=\"#HowmanyvisitsareneededtocompletetheSmileDesignMakeover69d52d8baba6b-panel\" class=\"collapsed primary-hover\" aria-expanded=\"false\" aria-controls=\"HowmanyvisitsareneededtocompletetheSmileDesignMakeover69d52d8baba6b\" data-parent=\"#acc_69d52d8baba16\" style=\"border-color:#f2f2f2;\">\r\n\t\t\t\t\t  \t\r\n\t\t\t\t\t  \tG\u00fcl\u00fc\u015f Tasar\u0131m\u0131 Makyaj\u0131n\u0131 tamamlamak i\u00e7in ka\u00e7 ziyaret gerekiyor?\t\t\t\t\t<\/a>\r\n\t\t\t\t<\/h4>\r\n\r\n\t\t\t<\/div>\r\n\t\t\t<div class=\"panel-collapse collapse\" id=\"HowmanyvisitsareneededtocompletetheSmileDesignMakeover69d52d8baba6b-panel\" aria-expanded=\"false\" role=\"tabpanel\" aria-labelledby=\"HowmanyvisitsareneededtocompletetheSmileDesignMakeover69d52d8baba6b\">\r\n\t\t\t\t<div class=\"panel-body\" style=\"border-color:#f2f2f2;\">\r\n\t\t\t\t\t<p>Ziyaret say\u0131s\u0131, hastan\u0131n di\u015flerinin mevcut durumuna ve se\u00e7ilen tedaviye ba\u011fl\u0131 olarak de\u011fi\u015febilir.<\/p>\n<p>Klini\u011fimizde en son teknoloji kullan\u0131ld\u0131\u011f\u0131 i\u00e7in ekibimiz sadece 4 ila 6 g\u00fcn i\u00e7inde tam bir g\u00fcl\u00fcmseme makyaj\u0131 haz\u0131rlayabilir. Hastan\u0131n burada, T\u00fcrkiye'de tatilinin tad\u0131n\u0131 \u00e7\u0131karmas\u0131n\u0131 sa\u011fl\u0131yoruz.<\/p>\n<p>Ve eve vard\u0131\u011f\u0131nda hasta, yeni ve g\u00f6z kama\u015ft\u0131r\u0131c\u0131 Hollywood G\u00fcl\u00fcmsemesi ile arkada\u015flar\u0131n\u0131 k\u0131skand\u0131racak. :)<\/p>\n\t\t\t\t<\/div>\r\n\t\t\t<\/div>\r\n\t\t<\/div>\r\n\t\t\t<\/div>\t\r\n\r\n\r\n\r\n\r\n<\/div><\/div><\/div><div id=\"panel-934-0-0-5\" class=\"so-panel widget widget_orion_empty_space_w panel-last-child\" data-index=\"5\" ><div class=\"orion custom default panel-widget-style panel-widget-style-for-934-0-0-5\" ><div\n\t\t\t\n\t\t\tclass=\"so-widget-orion_empty_space_w so-widget-orion_empty_space_w-base\"\n\t\t\t\n\t\t>\t<div class=\"row empty-space visible-sm visible-xs\" style=\"height:24px;\">\r\n\t<\/div><\/div><\/div><\/div><\/div><div id=\"pgc-934-0-1\"  class=\"panel-grid-cell\" ><div id=\"panel-934-0-1-0\" class=\"so-panel widget widget_orion_image_w panel-first-child panel-last-child\" data-index=\"6\" ><div class=\"orion custom mobile-text-center tablets-text-center default panel-widget-style panel-widget-style-for-934-0-1-0\" ><div\n\t\t\t\n\t\t\tclass=\"so-widget-orion_image_w so-widget-orion_image_w-base\"\n\t\t\t\n\t\t>\r\n<div class=\"image-w relative rounded\">\r\n\r\n\t\t\t\t\t\t\t<div class=\"orion_circle image-wrap rounded overlay-greyscale overlay-hover-none\">\r\n\t\t\r\n\t\t\t\t<div class=\"circle-wrap\">\r\n\t\t\t\t\t<img loading=\"lazy\" decoding=\"async\" width=\"750\" height=\"750\" src=\"https:\/\/antalyadiseti.com\/wp-content\/uploads\/2023\/04\/Smiledesign-750x750.jpg\" class=\"attachment-orion_square size-orion_square\" alt=\"\" \/>\t\t\t<div class=\"overlay\"><\/div>\r\n\t\t\t\t<\/div>\r\n\t\t\r\n\t\t\t\t\t<\/div>\r\n\t\t\t\r\n\t\r\n\t<div class=\"absolute\">\r\n\t\t<div class=\"hover-desc table-wrap\">\r\n\t\t\t<div class=\"cell-wrap\">\r\n\t\t\t\t<h4 class=\"text-light\"><\/h4>\r\n\t\t\t<\/div>\r\n\t\t<\/div>\r\n\t<\/div>\t\t\t\t\t\r\n<\/div>\r\n\r\n<\/div><\/div><\/div><\/div><\/div><\/div><div id=\"pg-934-1\"  class=\"panel-grid panel-has-style\" ><div class=\"siteorigin-panels-stretch divider-no-animation tablet-1-in-row mobile-1-in-row desktop-default text-dark overlay-c3 orion-collapse-below-lg custom panel-row-style panel-row-style-for-934-1\" data-stretch-type=\"full-stretched\" data-svg-bottom-color=\"#f8f8f8\" data-svg-top-color=\"#f8f8f8\" ><div id=\"pgc-934-1-0\"  class=\"panel-grid-cell\" ><div class=\"custom panel-cell-style panel-cell-style-for-934-1-0\" ><div id=\"panel-934-1-0-0\" class=\"so-panel widget widget_orion_empty_space_w panel-first-child panel-last-child\" data-index=\"7\" ><div class=\"orion default panel-widget-style panel-widget-style-for-934-1-0-0\" ><div\n\t\t\t\n\t\t\tclass=\"so-widget-orion_empty_space_w so-widget-orion_empty_space_w-base\"\n\t\t\t\n\t\t>\t<div class=\"row empty-space visible-lg visible-md\" style=\"height:360px;\">\r\n\t<\/div><\/div><\/div><\/div><\/div><\/div><div id=\"pgc-934-1-1\"  class=\"panel-grid-cell\" ><div class=\"custom panel-cell-style panel-cell-style-for-934-1-1\" ><div id=\"panel-934-1-1-0\" class=\"so-panel widget widget_orion_icon_text_w panel-first-child panel-last-child\" data-index=\"8\" ><div class=\"orion custom default panel-widget-style panel-widget-style-for-934-1-1-0\" ><div\n\t\t\t\n\t\t\tclass=\"so-widget-orion_icon_text_w so-widget-orion_icon_text_w-base\"\n\t\t\t\n\t\t>\r\n<div class=\"row icon-box-items-wrap grid icon-top\">\r\n \r\n\t\r\n\t\t\r\n\t\t\r\n\t\t\t\t\r\n\t\t\r\n\t\t<div class=\"icon-box-wrap clearfix col-lg-6 col-sm-6 text-light\" style=\"margin-bottom:60px;\">\t\t\r\n\r\n\t\t\t\t\t\t\t\t\t\t<div class=\"icon-wrap relative simple\">\r\n\t\t\t\t\t<span class=\"sow-icon-dentalicons\" data-sow-icon=\"&#xe813;\"\n\t\tstyle=\"color: #ffffff\" \n\t\taria-hidden=\"true\"><\/span>\t\t\t\t\t\t\t\t\t<\/div>\r\n\t\t\t\r\n\t\t\t<h4 class=\"item-title h6\">Do\u011fal G\u00f6r\u00fcn\u00fcml\u00fc<\/h4>\t\t\t\r\n\r\n\t\t\t\t\t\t<span class=\"description\">Di\u015flerinize uyacak \u015fekilde \u00f6zelle\u015ftirilmi\u015f.<\/span>\r\n\t\t\t\r\n\t\t<\/div>\r\n\t\r\n\t\t\r\n\t\t\r\n\t\t\t\t\r\n\t\t\r\n\t\t<div class=\"icon-box-wrap clearfix col-lg-6 col-sm-6 text-light\" style=\"margin-bottom:60px;\">\t\t\r\n\r\n\t\t\t\t\t\t\t\t\t\t<div class=\"icon-wrap relative simple\">\r\n\t\t\t\t\t<span class=\"sow-icon-dentalicons\" data-sow-icon=\"&#xe801;\"\n\t\tstyle=\"color: #ffffff\" \n\t\taria-hidden=\"true\"><\/span>\t\t\t\t\t\t\t\t\t<\/div>\r\n\t\t\t\r\n\t\t\t<h4 class=\"item-title h6\">Ac\u0131s\u0131z<\/h4>\t\t\t\r\n\r\n\t\t\t\t\t\t<span class=\"description\">\u0130\u015flemde herhangi bir a\u011fr\u0131 s\u00f6z konusu de\u011fildir.<\/span>\r\n\t\t\t\r\n\t\t<\/div>\r\n\t\r\n\t\t\r\n\t\t\r\n\t\t\t\t\r\n\t\t\r\n\t\t<div class=\"icon-box-wrap clearfix col-lg-6 col-sm-6 text-light\" style=\"margin-bottom:60px;\">\t\t\r\n\r\n\t\t\t\t\t\t\t\t\t\t<div class=\"icon-wrap relative simple\">\r\n\t\t\t\t\t<span class=\"sow-icon-dentalicons\" data-sow-icon=\"&#xe80c;\"\n\t\tstyle=\"color: #ffffff\" \n\t\taria-hidden=\"true\"><\/span>\t\t\t\t\t\t\t\t\t<\/div>\r\n\t\t\t\r\n\t\t\t<h4 class=\"item-title h6\">Leke korumas\u0131<\/h4>\t\t\t\r\n\r\n\t\t\t\t\t\t<span class=\"description\">Lekelere kar\u015f\u0131 son derece dayan\u0131kl\u0131d\u0131r.<\/span>\r\n\t\t\t\r\n\t\t<\/div>\r\n\t\r\n\t\t\r\n\t\t\r\n\t\t\t\t\r\n\t\t\r\n\t\t<div class=\"icon-box-wrap clearfix col-lg-6 col-sm-6 text-light\" style=\"margin-bottom:60px;\">\t\t\r\n\r\n\t\t\t\t\t\t\t\t\t\t<div class=\"icon-wrap relative simple\">\r\n\t\t\t\t\t<span class=\"sow-icon-dentalicons\" data-sow-icon=\"&#xe816;\"\n\t\tstyle=\"color: #ffffff\" \n\t\taria-hidden=\"true\"><\/span>\t\t\t\t\t\t\t\t\t<\/div>\r\n\t\t\t\r\n\t\t\t<h4 class=\"item-title h6\">Uzun \u00f6m\u00fcrl\u00fc<\/h4>\t\t\t\r\n\r\n\t\t\t\t\t\t<span class=\"description\">Porselen kaplamalar \u00f6m\u00fcr boyu s\u00fcrebilir.<\/span>\r\n\t\t\t\r\n\t\t<\/div>\r\n\t\r\n<\/div><\/div><\/div><\/div><\/div><\/div><\/div><\/div><\/div>","protected":false},"excerpt":{"rendered":"<p>Kaplamalar, di\u015flerine minimum m\u00fcdahale ile g\u00fczel bir g\u00fcl\u00fcmseme isteyen herkes i\u00e7in ideal bir kozmetik \u00e7\u00f6z\u00fcmd\u00fcr.<\/p>","protected":false},"author":1,"featured_media":0,"parent":1054,"menu_order":0,"comment_status":"closed","ping_status":"closed","template":"","meta":{"footnotes":""},"class_list":["post-934","page","type-page","status-publish","hentry"],"yoast_head":"<!-- This site is optimized with the Yoast SEO Premium plugin v20.2.1 (Yoast SEO v27.3) - https:\/\/yoast.com\/product\/yoast-seo-premium-wordpress\/ -->\n<title>Smile Makeover - Lumos Dental Clinic - Dental Centre Turkey<\/title>\n<meta name=\"robots\" content=\"index, follow, max-snippet:-1, max-image-preview:large, max-video-preview:-1\" \/>\n<link rel=\"canonical\" href=\"https:\/\/orchid-koala-586867.hostingersite.com\/treatments\/cosmetic-dentistry\/smile-makeover\/\" \/>\n<meta property=\"og:locale\" content=\"tr_TR\" \/>\n<meta property=\"og:type\" content=\"article\" \/>\n<meta property=\"og:title\" content=\"Smile Makeover\" \/>\n<meta property=\"og:description\" content=\"Veneers are an ideal cosmetic solution for everyone who desires a beautiful smile with minimal invasions into their teeth.\" \/>\n<meta property=\"og:url\" content=\"https:\/\/orchid-koala-586867.hostingersite.com\/treatments\/cosmetic-dentistry\/smile-makeover\/\" \/>\n<meta property=\"og:site_name\" content=\"Lumos Dental Clinic - Dental Centre Turkey\" \/>\n<meta property=\"article:publisher\" content=\"https:\/\/www.facebook.com\/lumosdentalstudio\" \/>\n<meta property=\"article:modified_time\" content=\"2023-05-03T00:49:03+00:00\" \/>\n<meta property=\"og:image\" content=\"https:\/\/antalyadiseti.com\/wp-content\/uploads\/2023\/08\/cropped-Lumos.png\" \/>\n\t<meta property=\"og:image:width\" content=\"512\" \/>\n\t<meta property=\"og:image:height\" content=\"512\" \/>\n\t<meta property=\"og:image:type\" content=\"image\/png\" \/>\n<meta name=\"twitter:card\" content=\"summary_large_image\" \/>\n<meta name=\"twitter:label1\" content=\"Est. reading time\" \/>\n\t<meta name=\"twitter:data1\" content=\"1 dakika\" \/>\n<script type=\"application\/ld+json\" class=\"yoast-schema-graph\">{\"@context\":\"https:\\\/\\\/schema.org\",\"@graph\":[{\"@type\":\"WebPage\",\"@id\":\"https:\\\/\\\/orchid-koala-586867.hostingersite.com\\\/treatments\\\/cosmetic-dentistry\\\/smile-makeover\\\/\",\"url\":\"https:\\\/\\\/orchid-koala-586867.hostingersite.com\\\/treatments\\\/cosmetic-dentistry\\\/smile-makeover\\\/\",\"name\":\"Smile Makeover - Lumos Dental Clinic - Dental Centre Turkey\",\"isPartOf\":{\"@id\":\"https:\\\/\\\/orchid-koala-586867.hostingersite.com\\\/#website\"},\"datePublished\":\"2016-10-05T11:37:48+00:00\",\"dateModified\":\"2023-05-03T00:49:03+00:00\",\"breadcrumb\":{\"@id\":\"https:\\\/\\\/orchid-koala-586867.hostingersite.com\\\/treatments\\\/cosmetic-dentistry\\\/smile-makeover\\\/#breadcrumb\"},\"inLanguage\":\"tr\",\"potentialAction\":[{\"@type\":\"ReadAction\",\"target\":[\"https:\\\/\\\/orchid-koala-586867.hostingersite.com\\\/treatments\\\/cosmetic-dentistry\\\/smile-makeover\\\/\"]}]},{\"@type\":\"BreadcrumbList\",\"@id\":\"https:\\\/\\\/orchid-koala-586867.hostingersite.com\\\/treatments\\\/cosmetic-dentistry\\\/smile-makeover\\\/#breadcrumb\",\"itemListElement\":[{\"@type\":\"ListItem\",\"position\":1,\"name\":\"Home\",\"item\":\"https:\\\/\\\/orchid-koala-586867.hostingersite.com\\\/\"},{\"@type\":\"ListItem\",\"position\":2,\"name\":\"Treatments\",\"item\":\"https:\\\/\\\/orchid-koala-586867.hostingersite.com\\\/treatments\\\/\"},{\"@type\":\"ListItem\",\"position\":3,\"name\":\"Cosmetic Dentistry\",\"item\":\"https:\\\/\\\/orchid-koala-586867.hostingersite.com\\\/treatments\\\/cosmetic-dentistry\\\/\"},{\"@type\":\"ListItem\",\"position\":4,\"name\":\"Smile Makeover\"}]},{\"@type\":\"WebSite\",\"@id\":\"https:\\\/\\\/orchid-koala-586867.hostingersite.com\\\/#website\",\"url\":\"https:\\\/\\\/orchid-koala-586867.hostingersite.com\\\/\",\"name\":\"Lumos Dental Clinic - Dental Centre Turkey\",\"description\":\"Better Smile With Us\",\"publisher\":{\"@id\":\"https:\\\/\\\/orchid-koala-586867.hostingersite.com\\\/#organization\"},\"alternateName\":\"We offer comprehensive services from all fields of dentistry. In addition to high-end dental equipment, all services are provided in a comfortable, luxury environment. New patients are welcomed with a complimentary oral health consultation.\",\"potentialAction\":[{\"@type\":\"SearchAction\",\"target\":{\"@type\":\"EntryPoint\",\"urlTemplate\":\"https:\\\/\\\/orchid-koala-586867.hostingersite.com\\\/?s={search_term_string}\"},\"query-input\":{\"@type\":\"PropertyValueSpecification\",\"valueRequired\":true,\"valueName\":\"search_term_string\"}}],\"inLanguage\":\"tr\"},{\"@type\":\"Organization\",\"@id\":\"https:\\\/\\\/orchid-koala-586867.hostingersite.com\\\/#organization\",\"name\":\"Lumos Dental Clinic - Dental Centre Turkey\",\"alternateName\":\"We offer comprehensive services from all fields of dentistry. In addition to high-end dental equipment, all services are provided in a comfortable, luxury environment. New patients are welcomed with a complimentary oral health consultation.\",\"url\":\"https:\\\/\\\/orchid-koala-586867.hostingersite.com\\\/\",\"logo\":{\"@type\":\"ImageObject\",\"inLanguage\":\"tr\",\"@id\":\"https:\\\/\\\/orchid-koala-586867.hostingersite.com\\\/#\\\/schema\\\/logo\\\/image\\\/\",\"url\":\"https:\\\/\\\/orchid-koala-586867.hostingersite.com\\\/wp-content\\\/uploads\\\/2023\\\/08\\\/cropped-Lumos.png\",\"contentUrl\":\"https:\\\/\\\/orchid-koala-586867.hostingersite.com\\\/wp-content\\\/uploads\\\/2023\\\/08\\\/cropped-Lumos.png\",\"width\":512,\"height\":512,\"caption\":\"Lumos Dental Clinic - Dental Centre Turkey\"},\"image\":{\"@id\":\"https:\\\/\\\/orchid-koala-586867.hostingersite.com\\\/#\\\/schema\\\/logo\\\/image\\\/\"},\"sameAs\":[\"https:\\\/\\\/www.facebook.com\\\/lumosdentalstudio\",\"https:\\\/\\\/www.instagram.com\\\/lumosdentalclinic\"]}]}<\/script>\n<!-- \/ Yoast SEO Premium plugin. -->","yoast_head_json":{"title":"G\u00fcl\u00fc\u015f Tasar\u0131m\u0131 - Lumos Di\u015f Klini\u011fi - Di\u015f Merkezi T\u00fcrkiye","robots":{"index":"index","follow":"follow","max-snippet":"max-snippet:-1","max-image-preview":"max-image-preview:large","max-video-preview":"max-video-preview:-1"},"canonical":"https:\/\/orchid-koala-586867.hostingersite.com\/treatments\/cosmetic-dentistry\/smile-makeover\/","og_locale":"tr_TR","og_type":"article","og_title":"Smile Makeover","og_description":"Veneers are an ideal cosmetic solution for everyone who desires a beautiful smile with minimal invasions into their teeth.","og_url":"https:\/\/orchid-koala-586867.hostingersite.com\/treatments\/cosmetic-dentistry\/smile-makeover\/","og_site_name":"Lumos Dental Clinic - Dental Centre Turkey","article_publisher":"https:\/\/www.facebook.com\/lumosdentalstudio","article_modified_time":"2023-05-03T00:49:03+00:00","og_image":[{"width":512,"height":512,"url":"https:\/\/antalyadiseti.com\/wp-content\/uploads\/2023\/08\/cropped-Lumos.png","type":"image\/png"}],"twitter_card":"summary_large_image","twitter_misc":{"Est. reading time":"1 dakika"},"schema":{"@context":"https:\/\/schema.org","@graph":[{"@type":"WebPage","@id":"https:\/\/orchid-koala-586867.hostingersite.com\/treatments\/cosmetic-dentistry\/smile-makeover\/","url":"https:\/\/orchid-koala-586867.hostingersite.com\/treatments\/cosmetic-dentistry\/smile-makeover\/","name":"G\u00fcl\u00fc\u015f Tasar\u0131m\u0131 - Lumos Di\u015f Klini\u011fi - Di\u015f Merkezi T\u00fcrkiye","isPartOf":{"@id":"https:\/\/orchid-koala-586867.hostingersite.com\/#website"},"datePublished":"2016-10-05T11:37:48+00:00","dateModified":"2023-05-03T00:49:03+00:00","breadcrumb":{"@id":"https:\/\/orchid-koala-586867.hostingersite.com\/treatments\/cosmetic-dentistry\/smile-makeover\/#breadcrumb"},"inLanguage":"tr","potentialAction":[{"@type":"ReadAction","target":["https:\/\/orchid-koala-586867.hostingersite.com\/treatments\/cosmetic-dentistry\/smile-makeover\/"]}]},{"@type":"BreadcrumbList","@id":"https:\/\/orchid-koala-586867.hostingersite.com\/treatments\/cosmetic-dentistry\/smile-makeover\/#breadcrumb","itemListElement":[{"@type":"ListItem","position":1,"name":"Home","item":"https:\/\/orchid-koala-586867.hostingersite.com\/"},{"@type":"ListItem","position":2,"name":"Treatments","item":"https:\/\/orchid-koala-586867.hostingersite.com\/treatments\/"},{"@type":"ListItem","position":3,"name":"Cosmetic Dentistry","item":"https:\/\/orchid-koala-586867.hostingersite.com\/treatments\/cosmetic-dentistry\/"},{"@type":"ListItem","position":4,"name":"Smile Makeover"}]},{"@type":"WebSite","@id":"https:\/\/orchid-koala-586867.hostingersite.com\/#website","url":"https:\/\/orchid-koala-586867.hostingersite.com\/","name":"Lumos Di\u015f Klini\u011fi - Di\u015f Merkezi T\u00fcrkiye","description":"Better Smile With Us","publisher":{"@id":"https:\/\/orchid-koala-586867.hostingersite.com\/#organization"},"alternateName":"We offer comprehensive services from all fields of dentistry. In addition to high-end dental equipment, all services are provided in a comfortable, luxury environment. New patients are welcomed with a complimentary oral health consultation.","potentialAction":[{"@type":"SearchAction","target":{"@type":"EntryPoint","urlTemplate":"https:\/\/orchid-koala-586867.hostingersite.com\/?s={search_term_string}"},"query-input":{"@type":"PropertyValueSpecification","valueRequired":true,"valueName":"search_term_string"}}],"inLanguage":"tr"},{"@type":"Organization","@id":"https:\/\/orchid-koala-586867.hostingersite.com\/#organization","name":"Lumos Di\u015f Klini\u011fi - Di\u015f Merkezi T\u00fcrkiye","alternateName":"We offer comprehensive services from all fields of dentistry. In addition to high-end dental equipment, all services are provided in a comfortable, luxury environment. New patients are welcomed with a complimentary oral health consultation.","url":"https:\/\/orchid-koala-586867.hostingersite.com\/","logo":{"@type":"ImageObject","inLanguage":"tr","@id":"https:\/\/orchid-koala-586867.hostingersite.com\/#\/schema\/logo\/image\/","url":"https:\/\/orchid-koala-586867.hostingersite.com\/wp-content\/uploads\/2023\/08\/cropped-Lumos.png","contentUrl":"https:\/\/orchid-koala-586867.hostingersite.com\/wp-content\/uploads\/2023\/08\/cropped-Lumos.png","width":512,"height":512,"caption":"Lumos Dental Clinic - Dental Centre Turkey"},"image":{"@id":"https:\/\/orchid-koala-586867.hostingersite.com\/#\/schema\/logo\/image\/"},"sameAs":["https:\/\/www.facebook.com\/lumosdentalstudio","https:\/\/www.instagram.com\/lumosdentalclinic"]}]}},"_links":{"self":[{"href":"https:\/\/antalyadiseti.com\/tr\/wp-json\/wp\/v2\/pages\/934","targetHints":{"allow":["GET"]}}],"collection":[{"href":"https:\/\/antalyadiseti.com\/tr\/wp-json\/wp\/v2\/pages"}],"about":[{"href":"https:\/\/antalyadiseti.com\/tr\/wp-json\/wp\/v2\/types\/page"}],"author":[{"embeddable":true,"href":"https:\/\/antalyadiseti.com\/tr\/wp-json\/wp\/v2\/users\/1"}],"replies":[{"embeddable":true,"href":"https:\/\/antalyadiseti.com\/tr\/wp-json\/wp\/v2\/comments?post=934"}],"version-history":[{"count":15,"href":"https:\/\/antalyadiseti.com\/tr\/wp-json\/wp\/v2\/pages\/934\/revisions"}],"predecessor-version":[{"id":3345,"href":"https:\/\/antalyadiseti.com\/tr\/wp-json\/wp\/v2\/pages\/934\/revisions\/3345"}],"up":[{"embeddable":true,"href":"https:\/\/antalyadiseti.com\/tr\/wp-json\/wp\/v2\/pages\/1054"}],"wp:attachment":[{"href":"https:\/\/antalyadiseti.com\/tr\/wp-json\/wp\/v2\/media?parent=934"}],"curies":[{"name":"wp","href":"https:\/\/api.w.org\/{rel}","templated":true}]}}